{"id":31,"date":"2014-01-30T10:36:55","date_gmt":"2014-01-30T09:36:55","guid":{"rendered":"http:\/\/d17955.ispservices.at\/?page_id=31"},"modified":"2021-05-20T08:58:16","modified_gmt":"2021-05-20T06:58:16","slug":"catering","status":"publish","type":"page","link":"https:\/\/www.servuseuropa-suben.at\/?page_id=31","title":{"rendered":"Catering"},"content":{"rendered":"<p><strong>F\u00fcr Ihre Veranstaltung das richtige Catering \u2013 unser Catering by Servus Europa macht es m\u00f6glich!<\/strong><\/p>\n<p>Egal ob eine Gro\u00dfveranstaltung, eine kleine Konferenz oder ihre Geburtstagsparty.<br \/>\nServus Europa gestaltet das Catering nach Ihren W\u00fcnschen!<br \/>\nIndividuelle Betreuung unserer Kunden wird bei uns gelebt und geh\u00f6tt zur Firmenphilosophie.<br \/>\nOb Sie bereits konkrete Pl\u00e4ne fu\u0308r Ihre Veranstaltung haben, oder ob die Vorbereitungen erst beginnen \u2013 wir k\u00f6nnen Sie bei Ihrem Vorhaben unterst\u00fctzen und Ihre Veranstaltung zu einem unvergesslichen Erlebnis werden lassen.<\/p>\n<div data-carousel-extra='{\"blog_id\":1,\"permalink\":\"https:\\\/\\\/www.servuseuropa-suben.at\\\/?page_id=31\"}' class=\"tiled-gallery type-rectangular\" data-original-width=\"1200\"><div class=\"gallery-row\" style=\"width: 1195px; height: 425px;\"><div class=\"gallery-group images-1\" style=\"width: 669px; height: 429px;\"><div class=\"tiled-gallery-item tiled-gallery-item-large\"><a href=\"https:\/\/www.servuseuropa-suben.at\/?attachment_id=761\"><img loading=\"lazy\" decoding=\"async\" data-attachment-id=\"761\" data-orig-file=\"https:\/\/www.servuseuropa-suben.at\/wp-content\/uploads\/2014\/01\/catering02.jpg\" data-orig-size=\"1181,755\" data-comments-opened=\"1\" data-image-meta=\"{&quot;aperture&quot;:&quot;0&quot;,&quot;credit&quot;:&quot;&quot;,&quot;camera&quot;:&quot;&quot;,&quot;caption&quot;:&quot;&quot;,&quot;created_timestamp&quot;:&quot;0&quot;,&quot;copyright&quot;:&quot;cook-and-style - Fotolia&quot;,&quot;focal_length&quot;:&quot;0&quot;,&quot;iso&quot;:&quot;0&quot;,&quot;shutter_speed&quot;:&quot;0&quot;,&quot;title&quot;:&quot;&quot;}\" data-image-title=\"catering02\" data-image-description=\"\" data-medium-file=\"https:\/\/www.servuseuropa-suben.at\/wp-content\/uploads\/2014\/01\/catering02-300x191.jpg\" data-large-file=\"https:\/\/www.servuseuropa-suben.at\/wp-content\/uploads\/2014\/01\/catering02-1024x654.jpg\" src=\"https:\/\/www.servuseuropa-suben.at\/wp-content\/uploads\/2014\/01\/catering02-665x425.jpg\" width=\"665\" height=\"425\" align=\"left\" title=\"catering02\" \/><\/a><\/div><\/div><div class=\"gallery-group images-2\" style=\"width: 526px; height: 429px;\"><div class=\"tiled-gallery-item tiled-gallery-item-large\"><a href=\"https:\/\/www.servuseuropa-suben.at\/?attachment_id=762\"><img loading=\"lazy\" decoding=\"async\" data-attachment-id=\"762\" data-orig-file=\"https:\/\/www.servuseuropa-suben.at\/wp-content\/uploads\/2014\/01\/catering03.jpg\" data-orig-size=\"1181,691\" data-comments-opened=\"1\" data-image-meta=\"{&quot;aperture&quot;:&quot;0&quot;,&quot;credit&quot;:&quot;&quot;,&quot;camera&quot;:&quot;&quot;,&quot;caption&quot;:&quot;&quot;,&quot;created_timestamp&quot;:&quot;0&quot;,&quot;copyright&quot;:&quot;&quot;,&quot;focal_length&quot;:&quot;0&quot;,&quot;iso&quot;:&quot;0&quot;,&quot;shutter_speed&quot;:&quot;0&quot;,&quot;title&quot;:&quot;&quot;}\" data-image-title=\"catering03\" data-image-description=\"\" data-medium-file=\"https:\/\/www.servuseuropa-suben.at\/wp-content\/uploads\/2014\/01\/catering03-300x175.jpg\" data-large-file=\"https:\/\/www.servuseuropa-suben.at\/wp-content\/uploads\/2014\/01\/catering03-1024x599.jpg\" src=\"https:\/\/www.servuseuropa-suben.at\/wp-content\/uploads\/2014\/01\/catering03-522x306.jpg\" width=\"522\" height=\"306\" align=\"left\" title=\"catering03\" \/><\/a><\/div><div class=\"tiled-gallery-item tiled-gallery-item-large\"><a href=\"https:\/\/www.servuseuropa-suben.at\/?attachment_id=1511\"><img loading=\"lazy\" decoding=\"async\" data-attachment-id=\"1511\" data-orig-file=\"https:\/\/www.servuseuropa-suben.at\/wp-content\/uploads\/2014\/01\/header_se_sued13.jpg\" data-orig-size=\"1800,398\" data-comments-opened=\"0\" data-image-meta=\"{&quot;aperture&quot;:&quot;0&quot;,&quot;credit&quot;:&quot;&quot;,&quot;camera&quot;:&quot;&quot;,&quot;caption&quot;:&quot;&quot;,&quot;created_timestamp&quot;:&quot;0&quot;,&quot;copyright&quot;:&quot;&quot;,&quot;focal_length&quot;:&quot;0&quot;,&quot;iso&quot;:&quot;0&quot;,&quot;shutter_speed&quot;:&quot;0&quot;,&quot;title&quot;:&quot;&quot;,&quot;orientation&quot;:&quot;0&quot;}\" data-image-title=\"header_se_sued13\" data-image-description=\"\" data-medium-file=\"https:\/\/www.servuseuropa-suben.at\/wp-content\/uploads\/2014\/01\/header_se_sued13-300x66.jpg\" data-large-file=\"https:\/\/www.servuseuropa-suben.at\/wp-content\/uploads\/2014\/01\/header_se_sued13-1800x398.jpg\" src=\"https:\/\/www.servuseuropa-suben.at\/wp-content\/uploads\/2014\/01\/header_se_sued13-522x115.jpg\" width=\"522\" height=\"115\" align=\"left\" title=\"header_se_sued13\" \/><\/a><\/div><\/div><\/div><\/div>\n<div class=\"bluebox-builder-row last-row\">\n<div class=\"row-fluid bluebox-container\">\n<div id=\"rich-content-element-59e325872fb45\" class=\"gumm-layout-element rich-content-layout-element span12\">\n<div class=\"row-fluid \">\n<p>Durch unsere jahrelange Erfahrung im Gro\u00dfcatering (Rieder Messe) sind wir jederzeit in der Lage, Veranstaltungen<br \/>\nin jeder Gr\u00f6\u00dfe und jeder Anforderung durchzufu\u0308hren.<\/p>\n<p><strong>EIN AUSZUG UNSERER REFERENZEN:<\/strong><br \/>\nEnergie AG<br \/>\nLandessportorganisation O\u00d6<br \/>\nMesse Ried GmbH<br \/>\nPappas Automobilvertriebs GmbH<br \/>\nToyota Innviertel GmbH<br \/>\nSkoda Schr\u00f6cker GmbH<br \/>\n\u00d6AMTC Ober\u00f6sterreich<br \/>\nBu\u0308chl GmbH<br \/>\nFill Metallbau Gesm.b.H.<br \/>\nBezirksabfallverband Ried<br \/>\nBAWAG P.S.K.<br \/>\nWimberger Bau Gesm.b.H.<br \/>\nSparkasse \u00d6O<br \/>\nStadtamt Ried im Innkreis<br \/>\nIMPULS Messegesellschaft m.b.H.<br \/>\nabcfinance GmbH<br \/>\nMaschinenring Service O\u00d6<br \/>\nLandesrat Strubl Presse \u00d6VP<br \/>\nO\u00d6 Ferngas Netz GmbH<br \/>\nLandwirtschaftskammer \u00d6sterreich<br \/>\nRaiffeisenverband Ober\u00f6sterreich eGen<br \/>\nLandesjagdverband<br \/>\nWKO Ried<br \/>\nFischer Sports GmbH<br \/>\nO\u00d6 Gemeindebund<br \/>\nAmt der O\u00d6 Landesregierung<br \/>\nBrauerei Ried eGen<br \/>\nFranz Part &amp; Co Gesellschaft m.b.H.<br \/>\nVolkskreditbank AG<br \/>\n\u00d6sterreichischer Bauernbund<br \/>\nRaiffeisenlandesbank O\u00d6 AG<br \/>\nUniqa Salzburg<br \/>\nBrauunion<br \/>\nFit Line<br \/>\nEskimo<\/p>\n<\/div>\n<\/div>\n<\/div>\n<\/div>\n","protected":false},"excerpt":{"rendered":"<p>F\u00fcr Ihre Veranstaltung das richtige Catering \u2013 unser Catering by Servus Europa macht es m\u00f6glich! Egal ob eine Gro\u00dfveranstaltung, eine kleine Konferenz oder ihre Geburtstagsparty. Servus Europa gestaltet das Catering nach Ihren W\u00fcnschen! Individuelle Betreuung unserer Kunden wird bei uns gelebt und geh\u00f6tt zur Firmenphilosophie. Ob Sie bereits konkrete Pl\u00e4ne fu\u0308r Ihre Veranstaltung haben, oder [&hellip;]<\/p>\n","protected":false},"author":6,"featured_media":0,"parent":0,"menu_order":4,"comment_status":"closed","ping_status":"closed","template":"","meta":{"ocean_post_layout":"full-width","ocean_both_sidebars_style":"","ocean_both_sidebars_content_width":0,"ocean_both_sidebars_sidebars_width":0,"ocean_sidebar":"0","ocean_second_sidebar":"0","ocean_disable_margins":"enable","ocean_add_body_class":"","ocean_shortcode_before_top_bar":"","ocean_shortcode_after_top_bar":"","ocean_shortcode_before_header":"","ocean_shortcode_after_header":"","ocean_has_shortcode":"","ocean_shortcode_after_title":"","ocean_shortcode_before_footer_widgets":"","ocean_shortcode_after_footer_widgets":"","ocean_shortcode_before_footer_bottom":"","ocean_shortcode_after_footer_bottom":"","ocean_display_top_bar":"default","ocean_display_header":"default","ocean_header_style":"","ocean_center_header_left_menu":"0","ocean_custom_header_template":"0","ocean_custom_logo":0,"ocean_custom_retina_logo":0,"ocean_custom_logo_max_width":0,"ocean_custom_logo_tablet_max_width":0,"ocean_custom_logo_mobile_max_width":0,"ocean_custom_logo_max_height":0,"ocean_custom_logo_tablet_max_height":0,"ocean_custom_logo_mobile_max_height":0,"ocean_header_custom_menu":"0","ocean_menu_typo_font_family":"0","ocean_menu_typo_font_subset":"","ocean_menu_typo_font_size":0,"ocean_menu_typo_font_size_tablet":0,"ocean_menu_typo_font_size_mobile":0,"ocean_menu_typo_font_size_unit":"px","ocean_menu_typo_font_weight":"","ocean_menu_typo_font_weight_tablet":"","ocean_menu_typo_font_weight_mobile":"","ocean_menu_typo_transform":"","ocean_menu_typo_transform_tablet":"","ocean_menu_typo_transform_mobile":"","ocean_menu_typo_line_height":0,"ocean_menu_typo_line_height_tablet":0,"ocean_menu_typo_line_height_mobile":0,"ocean_menu_typo_line_height_unit":"","ocean_menu_typo_spacing":0,"ocean_menu_typo_spacing_tablet":0,"ocean_menu_typo_spacing_mobile":0,"ocean_menu_typo_spacing_unit":"","ocean_menu_link_color":"","ocean_menu_link_color_hover":"","ocean_menu_link_color_active":"","ocean_menu_link_background":"","ocean_menu_link_hover_background":"","ocean_menu_link_active_background":"","ocean_menu_social_links_bg":"","ocean_menu_social_hover_links_bg":"","ocean_menu_social_links_color":"","ocean_menu_social_hover_links_color":"","ocean_disable_title":"default","ocean_disable_heading":"on","ocean_post_title":"","ocean_post_subheading":"","ocean_post_title_style":"background-image","ocean_post_title_background_color":"","ocean_post_title_background":762,"ocean_post_title_bg_image_position":"","ocean_post_title_bg_image_attachment":"","ocean_post_title_bg_image_repeat":"","ocean_post_title_bg_image_size":"","ocean_post_title_height":0,"ocean_post_title_bg_overlay":0.5,"ocean_post_title_bg_overlay_color":"","ocean_disable_breadcrumbs":"default","ocean_breadcrumbs_color":"","ocean_breadcrumbs_separator_color":"","ocean_breadcrumbs_links_color":"","ocean_breadcrumbs_links_hover_color":"","ocean_display_footer_widgets":"default","ocean_display_footer_bottom":"default","ocean_custom_footer_template":"","footnotes":""},"language":[],"class_list":["post-31","page","type-page","status-publish","hentry","entry"],"yoast_head":"<!-- This site is optimized with the Yoast SEO plugin v23.5 - https:\/\/yoast.com\/wordpress\/plugins\/seo\/ -->\n<title>Catering - Servus Europa Suben<\/title>\n<meta name=\"robots\" content=\"index, follow, max-snippet:-1, max-image-preview:large, max-video-preview:-1\" \/>\n<link rel=\"canonical\" href=\"https:\/\/www.servuseuropa-suben.at\/?page_id=31\" \/>\n<meta property=\"og:locale\" content=\"de_DE\" \/>\n<meta property=\"og:type\" content=\"article\" \/>\n<meta property=\"og:title\" content=\"Catering - Servus Europa Suben\" \/>\n<meta property=\"og:description\" content=\"F\u00fcr Ihre Veranstaltung das richtige Catering \u2013 unser Catering by Servus Europa macht es m\u00f6glich! Egal ob eine Gro\u00dfveranstaltung, eine kleine Konferenz oder ihre Geburtstagsparty. Servus Europa gestaltet das Catering nach Ihren W\u00fcnschen! Individuelle Betreuung unserer Kunden wird bei uns gelebt und geh\u00f6tt zur Firmenphilosophie. Ob Sie bereits konkrete Pl\u00e4ne fu\u0308r Ihre Veranstaltung haben, oder [&hellip;]\" \/>\n<meta property=\"og:url\" content=\"https:\/\/www.servuseuropa-suben.at\/?page_id=31\" \/>\n<meta property=\"og:site_name\" content=\"Servus Europa Suben\" \/>\n<meta property=\"article:modified_time\" content=\"2021-05-20T06:58:16+00:00\" \/>\n<meta property=\"og:image\" content=\"https:\/\/www.servuseuropa-suben.at\/wp-content\/uploads\/2014\/01\/catering02-665x425.jpg\" \/>\n<meta name=\"twitter:card\" content=\"summary_large_image\" \/>\n<meta name=\"twitter:label1\" content=\"Gesch\u00e4tzte Lesezeit\" \/>\n\t<meta name=\"twitter:data1\" content=\"1\u00a0Minute\" \/>\n<script type=\"application\/ld+json\" class=\"yoast-schema-graph\">{\"@context\":\"https:\/\/schema.org\",\"@graph\":[{\"@type\":\"WebPage\",\"@id\":\"https:\/\/www.servuseuropa-suben.at\/?page_id=31\",\"url\":\"https:\/\/www.servuseuropa-suben.at\/?page_id=31\",\"name\":\"Catering - Servus Europa Suben\",\"isPartOf\":{\"@id\":\"https:\/\/www.servuseuropa-suben.at\/#website\"},\"datePublished\":\"2014-01-30T09:36:55+00:00\",\"dateModified\":\"2021-05-20T06:58:16+00:00\",\"breadcrumb\":{\"@id\":\"https:\/\/www.servuseuropa-suben.at\/?page_id=31#breadcrumb\"},\"inLanguage\":\"de\",\"potentialAction\":[{\"@type\":\"ReadAction\",\"target\":[\"https:\/\/www.servuseuropa-suben.at\/?page_id=31\"]}]},{\"@type\":\"BreadcrumbList\",\"@id\":\"https:\/\/www.servuseuropa-suben.at\/?page_id=31#breadcrumb\",\"itemListElement\":[{\"@type\":\"ListItem\",\"position\":1,\"name\":\"Startseite\",\"item\":\"https:\/\/www.servuseuropa-suben.at\/\"},{\"@type\":\"ListItem\",\"position\":2,\"name\":\"Catering\"}]},{\"@type\":\"WebSite\",\"@id\":\"https:\/\/www.servuseuropa-suben.at\/#website\",\"url\":\"https:\/\/www.servuseuropa-suben.at\/\",\"name\":\"Servus Europa Suben\",\"description\":\"Grenzenlos rasten \u2026\",\"publisher\":{\"@id\":\"https:\/\/www.servuseuropa-suben.at\/#organization\"},\"potentialAction\":[{\"@type\":\"SearchAction\",\"target\":{\"@type\":\"EntryPoint\",\"urlTemplate\":\"https:\/\/www.servuseuropa-suben.at\/?s={search_term_string}\"},\"query-input\":{\"@type\":\"PropertyValueSpecification\",\"valueRequired\":true,\"valueName\":\"search_term_string\"}}],\"inLanguage\":\"de\"},{\"@type\":\"Organization\",\"@id\":\"https:\/\/www.servuseuropa-suben.at\/#organization\",\"name\":\"Servus Europa Suben\",\"url\":\"https:\/\/www.servuseuropa-suben.at\/\",\"logo\":{\"@type\":\"ImageObject\",\"inLanguage\":\"de\",\"@id\":\"https:\/\/www.servuseuropa-suben.at\/#\/schema\/logo\/image\/\",\"url\":\"https:\/\/www.servuseuropa-suben.at\/wp-content\/uploads\/2018\/06\/servus_europa.png\",\"contentUrl\":\"https:\/\/www.servuseuropa-suben.at\/wp-content\/uploads\/2018\/06\/servus_europa.png\",\"width\":160,\"height\":160,\"caption\":\"Servus Europa Suben\"},\"image\":{\"@id\":\"https:\/\/www.servuseuropa-suben.at\/#\/schema\/logo\/image\/\"}}]}<\/script>\n<!-- \/ Yoast SEO plugin. -->","yoast_head_json":{"title":"Catering - Servus Europa Suben","robots":{"index":"index","follow":"follow","max-snippet":"max-snippet:-1","max-image-preview":"max-image-preview:large","max-video-preview":"max-video-preview:-1"},"canonical":"https:\/\/www.servuseuropa-suben.at\/?page_id=31","og_locale":"de_DE","og_type":"article","og_title":"Catering - Servus Europa Suben","og_description":"F\u00fcr Ihre Veranstaltung das richtige Catering \u2013 unser Catering by Servus Europa macht es m\u00f6glich! Egal ob eine Gro\u00dfveranstaltung, eine kleine Konferenz oder ihre Geburtstagsparty. Servus Europa gestaltet das Catering nach Ihren W\u00fcnschen! Individuelle Betreuung unserer Kunden wird bei uns gelebt und geh\u00f6tt zur Firmenphilosophie. Ob Sie bereits konkrete Pl\u00e4ne fu\u0308r Ihre Veranstaltung haben, oder [&hellip;]","og_url":"https:\/\/www.servuseuropa-suben.at\/?page_id=31","og_site_name":"Servus Europa Suben","article_modified_time":"2021-05-20T06:58:16+00:00","og_image":[{"url":"https:\/\/www.servuseuropa-suben.at\/wp-content\/uploads\/2014\/01\/catering02-665x425.jpg"}],"twitter_card":"summary_large_image","twitter_misc":{"Gesch\u00e4tzte Lesezeit":"1\u00a0Minute"},"schema":{"@context":"https:\/\/schema.org","@graph":[{"@type":"WebPage","@id":"https:\/\/www.servuseuropa-suben.at\/?page_id=31","url":"https:\/\/www.servuseuropa-suben.at\/?page_id=31","name":"Catering - Servus Europa Suben","isPartOf":{"@id":"https:\/\/www.servuseuropa-suben.at\/#website"},"datePublished":"2014-01-30T09:36:55+00:00","dateModified":"2021-05-20T06:58:16+00:00","breadcrumb":{"@id":"https:\/\/www.servuseuropa-suben.at\/?page_id=31#breadcrumb"},"inLanguage":"de","potentialAction":[{"@type":"ReadAction","target":["https:\/\/www.servuseuropa-suben.at\/?page_id=31"]}]},{"@type":"BreadcrumbList","@id":"https:\/\/www.servuseuropa-suben.at\/?page_id=31#breadcrumb","itemListElement":[{"@type":"ListItem","position":1,"name":"Startseite","item":"https:\/\/www.servuseuropa-suben.at\/"},{"@type":"ListItem","position":2,"name":"Catering"}]},{"@type":"WebSite","@id":"https:\/\/www.servuseuropa-suben.at\/#website","url":"https:\/\/www.servuseuropa-suben.at\/","name":"Servus Europa Suben","description":"Grenzenlos rasten \u2026","publisher":{"@id":"https:\/\/www.servuseuropa-suben.at\/#organization"},"potentialAction":[{"@type":"SearchAction","target":{"@type":"EntryPoint","urlTemplate":"https:\/\/www.servuseuropa-suben.at\/?s={search_term_string}"},"query-input":{"@type":"PropertyValueSpecification","valueRequired":true,"valueName":"search_term_string"}}],"inLanguage":"de"},{"@type":"Organization","@id":"https:\/\/www.servuseuropa-suben.at\/#organization","name":"Servus Europa Suben","url":"https:\/\/www.servuseuropa-suben.at\/","logo":{"@type":"ImageObject","inLanguage":"de","@id":"https:\/\/www.servuseuropa-suben.at\/#\/schema\/logo\/image\/","url":"https:\/\/www.servuseuropa-suben.at\/wp-content\/uploads\/2018\/06\/servus_europa.png","contentUrl":"https:\/\/www.servuseuropa-suben.at\/wp-content\/uploads\/2018\/06\/servus_europa.png","width":160,"height":160,"caption":"Servus Europa Suben"},"image":{"@id":"https:\/\/www.servuseuropa-suben.at\/#\/schema\/logo\/image\/"}}]}},"_links":{"self":[{"href":"https:\/\/www.servuseuropa-suben.at\/index.php?rest_route=\/wp\/v2\/pages\/31"}],"collection":[{"href":"https:\/\/www.servuseuropa-suben.at\/index.php?rest_route=\/wp\/v2\/pages"}],"about":[{"href":"https:\/\/www.servuseuropa-suben.at\/index.php?rest_route=\/wp\/v2\/types\/page"}],"author":[{"embeddable":true,"href":"https:\/\/www.servuseuropa-suben.at\/index.php?rest_route=\/wp\/v2\/users\/6"}],"replies":[{"embeddable":true,"href":"https:\/\/www.servuseuropa-suben.at\/index.php?rest_route=%2Fwp%2Fv2%2Fcomments&post=31"}],"version-history":[{"count":7,"href":"https:\/\/www.servuseuropa-suben.at\/index.php?rest_route=\/wp\/v2\/pages\/31\/revisions"}],"predecessor-version":[{"id":2514,"href":"https:\/\/www.servuseuropa-suben.at\/index.php?rest_route=\/wp\/v2\/pages\/31\/revisions\/2514"}],"wp:attachment":[{"href":"https:\/\/www.servuseuropa-suben.at\/index.php?rest_route=%2Fwp%2Fv2%2Fmedia&parent=31"}],"wp:term":[{"taxonomy":"language","embeddable":true,"href":"https:\/\/www.servuseuropa-suben.at\/index.php?rest_route=%2Fwp%2Fv2%2Flanguage&post=31"}],"curies":[{"name":"wp","href":"https:\/\/api.w.org\/{rel}","templated":true}]}}