{"id":808,"date":"2014-07-11T09:53:59","date_gmt":"2014-07-11T07:53:59","guid":{"rendered":"http:\/\/d17955.ispservices.at\/?page_id=808"},"modified":"2025-05-14T16:53:29","modified_gmt":"2025-05-14T14:53:29","slug":"preise","status":"publish","type":"page","link":"https:\/\/www.servuseuropa-suben.at\/?page_id=808","title":{"rendered":"Preise"},"content":{"rendered":"<div>\n<div>\n<div id=\"page-content-element-53bfb3d45297c\">\n<div>\n<p><img loading=\"lazy\" decoding=\"async\" class=\"alignnone wp-image-2689 \" src=\"https:\/\/www.servuseuropa-suben.at\/wp-content\/uploads\/2025\/05\/ServusSuben_Preise2025-300x149.jpg\" alt=\"\" width=\"870\" height=\"432\" srcset=\"https:\/\/www.servuseuropa-suben.at\/wp-content\/uploads\/2025\/05\/ServusSuben_Preise2025-300x149.jpg 300w, https:\/\/www.servuseuropa-suben.at\/wp-content\/uploads\/2025\/05\/ServusSuben_Preise2025-1800x896.jpg 1800w, https:\/\/www.servuseuropa-suben.at\/wp-content\/uploads\/2025\/05\/ServusSuben_Preise2025-150x75.jpg 150w, https:\/\/www.servuseuropa-suben.at\/wp-content\/uploads\/2025\/05\/ServusSuben_Preise2025-768x382.jpg 768w, https:\/\/www.servuseuropa-suben.at\/wp-content\/uploads\/2025\/05\/ServusSuben_Preise2025-600x299.jpg 600w, https:\/\/www.servuseuropa-suben.at\/wp-content\/uploads\/2025\/05\/ServusSuben_Preise2025-1536x765.jpg 1536w, https:\/\/www.servuseuropa-suben.at\/wp-content\/uploads\/2025\/05\/ServusSuben_Preise2025-2048x1020.jpg 2048w, https:\/\/www.servuseuropa-suben.at\/wp-content\/uploads\/2025\/05\/ServusSuben_Preise2025-1320x657.jpg 1320w\" sizes=\"(max-width: 870px) 100vw, 870px\" \/><\/p>\n<p><strong>FR\u00dcHST\u00dcCK<\/strong><br \/>\n1 Person: \u20ac 9,90<br \/>\nKinder 3 bis 10 Jahre: \u20ac 6,00<\/p>\n<p>Preisliste g\u00fcltig ab sofort.<br \/>\nAlle Preise verstehen sich pro Zimmer und Nacht in Euro, zuz\u00fcglich der orts\u00fcblichen Kurtaxe von<br \/>\n\u20ac 2 pro Person\/Tag. Inklusive der gesetzlichen Mehrwertsteuer.<\/p>\n<p>Kinder von 0 bis zum 6. Lebensjahr \u00fcbernachten kostenfrei im Zimmer von 2 vollzahlenden Personen.<br \/>\nAnreise (Check-In): ab 14:00 Uhr | Abreise (Check-Out): bis 11:00 Uhr<\/p>\n<\/div>\n<\/div>\n<\/div>\n<\/div>\n","protected":false},"excerpt":{"rendered":"<p>FR\u00dcHST\u00dcCK 1 Person: \u20ac 9,90 Kinder 3 bis 10 Jahre: \u20ac 6,00 Preisliste g\u00fcltig ab sofort. Alle Preise verstehen sich pro Zimmer und Nacht in Euro, zuz\u00fcglich der orts\u00fcblichen Kurtaxe von \u20ac 2 pro Person\/Tag. Inklusive der gesetzlichen Mehrwertsteuer. Kinder von 0 bis zum 6. Lebensjahr \u00fcbernachten kostenfrei im Zimmer von 2 vollzahlenden Personen. Anreise [&hellip;]<\/p>\n","protected":false},"author":6,"featured_media":0,"parent":575,"menu_order":5,"comment_status":"closed","ping_status":"closed","template":"","meta":{"ocean_post_layout":"full-width","ocean_both_sidebars_style":"","ocean_both_sidebars_content_width":0,"ocean_both_sidebars_sidebars_width":0,"ocean_sidebar":"0","ocean_second_sidebar":"0","ocean_disable_margins":"enable","ocean_add_body_class":"","ocean_shortcode_before_top_bar":"","ocean_shortcode_after_top_bar":"","ocean_shortcode_before_header":"","ocean_shortcode_after_header":"","ocean_has_shortcode":"","ocean_shortcode_after_title":"","ocean_shortcode_before_footer_widgets":"","ocean_shortcode_after_footer_widgets":"","ocean_shortcode_before_footer_bottom":"","ocean_shortcode_after_footer_bottom":"","ocean_display_top_bar":"default","ocean_display_header":"default","ocean_header_style":"","ocean_center_header_left_menu":"0","ocean_custom_header_template":"0","ocean_custom_logo":0,"ocean_custom_retina_logo":0,"ocean_custom_logo_max_width":0,"ocean_custom_logo_tablet_max_width":0,"ocean_custom_logo_mobile_max_width":0,"ocean_custom_logo_max_height":0,"ocean_custom_logo_tablet_max_height":0,"ocean_custom_logo_mobile_max_height":0,"ocean_header_custom_menu":"0","ocean_menu_typo_font_family":"0","ocean_menu_typo_font_subset":"","ocean_menu_typo_font_size":0,"ocean_menu_typo_font_size_tablet":0,"ocean_menu_typo_font_size_mobile":0,"ocean_menu_typo_font_size_unit":"px","ocean_menu_typo_font_weight":"","ocean_menu_typo_font_weight_tablet":"","ocean_menu_typo_font_weight_mobile":"","ocean_menu_typo_transform":"","ocean_menu_typo_transform_tablet":"","ocean_menu_typo_transform_mobile":"","ocean_menu_typo_line_height":0,"ocean_menu_typo_line_height_tablet":0,"ocean_menu_typo_line_height_mobile":0,"ocean_menu_typo_line_height_unit":"","ocean_menu_typo_spacing":0,"ocean_menu_typo_spacing_tablet":0,"ocean_menu_typo_spacing_mobile":0,"ocean_menu_typo_spacing_unit":"","ocean_menu_link_color":"","ocean_menu_link_color_hover":"","ocean_menu_link_color_active":"","ocean_menu_link_background":"","ocean_menu_link_hover_background":"","ocean_menu_link_active_background":"","ocean_menu_social_links_bg":"","ocean_menu_social_hover_links_bg":"","ocean_menu_social_links_color":"","ocean_menu_social_hover_links_color":"","ocean_disable_title":"default","ocean_disable_heading":"on","ocean_post_title":"","ocean_post_subheading":"","ocean_post_title_style":"background-image","ocean_post_title_background_color":"","ocean_post_title_background":1880,"ocean_post_title_bg_image_position":"","ocean_post_title_bg_image_attachment":"","ocean_post_title_bg_image_repeat":"","ocean_post_title_bg_image_size":"","ocean_post_title_height":0,"ocean_post_title_bg_overlay":0.5,"ocean_post_title_bg_overlay_color":"","ocean_disable_breadcrumbs":"default","ocean_breadcrumbs_color":"","ocean_breadcrumbs_separator_color":"","ocean_breadcrumbs_links_color":"","ocean_breadcrumbs_links_hover_color":"","ocean_display_footer_widgets":"default","ocean_display_footer_bottom":"default","ocean_custom_footer_template":"0","footnotes":""},"language":[26],"class_list":["post-808","page","type-page","status-publish","hentry","language-de_de","entry"],"yoast_head":"<!-- This site is optimized with the Yoast SEO plugin v23.5 - https:\/\/yoast.com\/wordpress\/plugins\/seo\/ -->\n<title>Preise - Servus Europa Suben<\/title>\n<meta name=\"robots\" content=\"index, follow, max-snippet:-1, max-image-preview:large, max-video-preview:-1\" \/>\n<link rel=\"canonical\" href=\"https:\/\/www.servuseuropa-suben.at\/?page_id=808\" \/>\n<meta property=\"og:locale\" content=\"de_DE\" \/>\n<meta property=\"og:type\" content=\"article\" \/>\n<meta property=\"og:title\" content=\"Preise - Servus Europa Suben\" \/>\n<meta property=\"og:description\" content=\"FR\u00dcHST\u00dcCK 1 Person: \u20ac 9,90 Kinder 3 bis 10 Jahre: \u20ac 6,00 Preisliste g\u00fcltig ab sofort. Alle Preise verstehen sich pro Zimmer und Nacht in Euro, zuz\u00fcglich der orts\u00fcblichen Kurtaxe von \u20ac 2 pro Person\/Tag. Inklusive der gesetzlichen Mehrwertsteuer. Kinder von 0 bis zum 6. Lebensjahr \u00fcbernachten kostenfrei im Zimmer von 2 vollzahlenden Personen. Anreise [&hellip;]\" \/>\n<meta property=\"og:url\" content=\"https:\/\/www.servuseuropa-suben.at\/?page_id=808\" \/>\n<meta property=\"og:site_name\" content=\"Servus Europa Suben\" \/>\n<meta property=\"article:modified_time\" content=\"2025-05-14T14:53:29+00:00\" \/>\n<meta property=\"og:image\" content=\"https:\/\/www.servuseuropa-suben.at\/wp-content\/uploads\/2025\/05\/ServusSuben_Preise2025-300x149.jpg\" \/>\n<meta name=\"twitter:card\" content=\"summary_large_image\" \/>\n<meta name=\"twitter:label1\" content=\"Gesch\u00e4tzte Lesezeit\" \/>\n\t<meta name=\"twitter:data1\" content=\"1\u00a0Minute\" \/>\n<script type=\"application\/ld+json\" class=\"yoast-schema-graph\">{\"@context\":\"https:\/\/schema.org\",\"@graph\":[{\"@type\":\"WebPage\",\"@id\":\"https:\/\/www.servuseuropa-suben.at\/?page_id=808\",\"url\":\"https:\/\/www.servuseuropa-suben.at\/?page_id=808\",\"name\":\"Preise - Servus Europa Suben\",\"isPartOf\":{\"@id\":\"https:\/\/www.servuseuropa-suben.at\/#website\"},\"primaryImageOfPage\":{\"@id\":\"https:\/\/www.servuseuropa-suben.at\/?page_id=808#primaryimage\"},\"image\":{\"@id\":\"https:\/\/www.servuseuropa-suben.at\/?page_id=808#primaryimage\"},\"thumbnailUrl\":\"https:\/\/www.servuseuropa-suben.at\/wp-content\/uploads\/2025\/05\/ServusSuben_Preise2025-300x149.jpg\",\"datePublished\":\"2014-07-11T07:53:59+00:00\",\"dateModified\":\"2025-05-14T14:53:29+00:00\",\"breadcrumb\":{\"@id\":\"https:\/\/www.servuseuropa-suben.at\/?page_id=808#breadcrumb\"},\"inLanguage\":\"de\",\"potentialAction\":[{\"@type\":\"ReadAction\",\"target\":[\"https:\/\/www.servuseuropa-suben.at\/?page_id=808\"]}]},{\"@type\":\"ImageObject\",\"inLanguage\":\"de\",\"@id\":\"https:\/\/www.servuseuropa-suben.at\/?page_id=808#primaryimage\",\"url\":\"https:\/\/www.servuseuropa-suben.at\/wp-content\/uploads\/2025\/05\/ServusSuben_Preise2025.jpg\",\"contentUrl\":\"https:\/\/www.servuseuropa-suben.at\/wp-content\/uploads\/2025\/05\/ServusSuben_Preise2025.jpg\",\"width\":2322,\"height\":1156},{\"@type\":\"BreadcrumbList\",\"@id\":\"https:\/\/www.servuseuropa-suben.at\/?page_id=808#breadcrumb\",\"itemListElement\":[{\"@type\":\"ListItem\",\"position\":1,\"name\":\"Startseite\",\"item\":\"https:\/\/www.servuseuropa-suben.at\/\"},{\"@type\":\"ListItem\",\"position\":2,\"name\":\"Hotel\",\"item\":\"https:\/\/www.servuseuropa-suben.at\/?page_id=575\"},{\"@type\":\"ListItem\",\"position\":3,\"name\":\"Preise\"}]},{\"@type\":\"WebSite\",\"@id\":\"https:\/\/www.servuseuropa-suben.at\/#website\",\"url\":\"https:\/\/www.servuseuropa-suben.at\/\",\"name\":\"Servus Europa Suben\",\"description\":\"Grenzenlos rasten \u2026\",\"publisher\":{\"@id\":\"https:\/\/www.servuseuropa-suben.at\/#organization\"},\"potentialAction\":[{\"@type\":\"SearchAction\",\"target\":{\"@type\":\"EntryPoint\",\"urlTemplate\":\"https:\/\/www.servuseuropa-suben.at\/?s={search_term_string}\"},\"query-input\":{\"@type\":\"PropertyValueSpecification\",\"valueRequired\":true,\"valueName\":\"search_term_string\"}}],\"inLanguage\":\"de\"},{\"@type\":\"Organization\",\"@id\":\"https:\/\/www.servuseuropa-suben.at\/#organization\",\"name\":\"Servus Europa Suben\",\"url\":\"https:\/\/www.servuseuropa-suben.at\/\",\"logo\":{\"@type\":\"ImageObject\",\"inLanguage\":\"de\",\"@id\":\"https:\/\/www.servuseuropa-suben.at\/#\/schema\/logo\/image\/\",\"url\":\"https:\/\/www.servuseuropa-suben.at\/wp-content\/uploads\/2018\/06\/servus_europa.png\",\"contentUrl\":\"https:\/\/www.servuseuropa-suben.at\/wp-content\/uploads\/2018\/06\/servus_europa.png\",\"width\":160,\"height\":160,\"caption\":\"Servus Europa Suben\"},\"image\":{\"@id\":\"https:\/\/www.servuseuropa-suben.at\/#\/schema\/logo\/image\/\"}}]}<\/script>\n<!-- \/ Yoast SEO plugin. -->","yoast_head_json":{"title":"Preise - Servus Europa Suben","robots":{"index":"index","follow":"follow","max-snippet":"max-snippet:-1","max-image-preview":"max-image-preview:large","max-video-preview":"max-video-preview:-1"},"canonical":"https:\/\/www.servuseuropa-suben.at\/?page_id=808","og_locale":"de_DE","og_type":"article","og_title":"Preise - Servus Europa Suben","og_description":"FR\u00dcHST\u00dcCK 1 Person: \u20ac 9,90 Kinder 3 bis 10 Jahre: \u20ac 6,00 Preisliste g\u00fcltig ab sofort. Alle Preise verstehen sich pro Zimmer und Nacht in Euro, zuz\u00fcglich der orts\u00fcblichen Kurtaxe von \u20ac 2 pro Person\/Tag. Inklusive der gesetzlichen Mehrwertsteuer. Kinder von 0 bis zum 6. Lebensjahr \u00fcbernachten kostenfrei im Zimmer von 2 vollzahlenden Personen. Anreise [&hellip;]","og_url":"https:\/\/www.servuseuropa-suben.at\/?page_id=808","og_site_name":"Servus Europa Suben","article_modified_time":"2025-05-14T14:53:29+00:00","og_image":[{"url":"https:\/\/www.servuseuropa-suben.at\/wp-content\/uploads\/2025\/05\/ServusSuben_Preise2025-300x149.jpg"}],"twitter_card":"summary_large_image","twitter_misc":{"Gesch\u00e4tzte Lesezeit":"1\u00a0Minute"},"schema":{"@context":"https:\/\/schema.org","@graph":[{"@type":"WebPage","@id":"https:\/\/www.servuseuropa-suben.at\/?page_id=808","url":"https:\/\/www.servuseuropa-suben.at\/?page_id=808","name":"Preise - Servus Europa Suben","isPartOf":{"@id":"https:\/\/www.servuseuropa-suben.at\/#website"},"primaryImageOfPage":{"@id":"https:\/\/www.servuseuropa-suben.at\/?page_id=808#primaryimage"},"image":{"@id":"https:\/\/www.servuseuropa-suben.at\/?page_id=808#primaryimage"},"thumbnailUrl":"https:\/\/www.servuseuropa-suben.at\/wp-content\/uploads\/2025\/05\/ServusSuben_Preise2025-300x149.jpg","datePublished":"2014-07-11T07:53:59+00:00","dateModified":"2025-05-14T14:53:29+00:00","breadcrumb":{"@id":"https:\/\/www.servuseuropa-suben.at\/?page_id=808#breadcrumb"},"inLanguage":"de","potentialAction":[{"@type":"ReadAction","target":["https:\/\/www.servuseuropa-suben.at\/?page_id=808"]}]},{"@type":"ImageObject","inLanguage":"de","@id":"https:\/\/www.servuseuropa-suben.at\/?page_id=808#primaryimage","url":"https:\/\/www.servuseuropa-suben.at\/wp-content\/uploads\/2025\/05\/ServusSuben_Preise2025.jpg","contentUrl":"https:\/\/www.servuseuropa-suben.at\/wp-content\/uploads\/2025\/05\/ServusSuben_Preise2025.jpg","width":2322,"height":1156},{"@type":"BreadcrumbList","@id":"https:\/\/www.servuseuropa-suben.at\/?page_id=808#breadcrumb","itemListElement":[{"@type":"ListItem","position":1,"name":"Startseite","item":"https:\/\/www.servuseuropa-suben.at\/"},{"@type":"ListItem","position":2,"name":"Hotel","item":"https:\/\/www.servuseuropa-suben.at\/?page_id=575"},{"@type":"ListItem","position":3,"name":"Preise"}]},{"@type":"WebSite","@id":"https:\/\/www.servuseuropa-suben.at\/#website","url":"https:\/\/www.servuseuropa-suben.at\/","name":"Servus Europa Suben","description":"Grenzenlos rasten \u2026","publisher":{"@id":"https:\/\/www.servuseuropa-suben.at\/#organization"},"potentialAction":[{"@type":"SearchAction","target":{"@type":"EntryPoint","urlTemplate":"https:\/\/www.servuseuropa-suben.at\/?s={search_term_string}"},"query-input":{"@type":"PropertyValueSpecification","valueRequired":true,"valueName":"search_term_string"}}],"inLanguage":"de"},{"@type":"Organization","@id":"https:\/\/www.servuseuropa-suben.at\/#organization","name":"Servus Europa Suben","url":"https:\/\/www.servuseuropa-suben.at\/","logo":{"@type":"ImageObject","inLanguage":"de","@id":"https:\/\/www.servuseuropa-suben.at\/#\/schema\/logo\/image\/","url":"https:\/\/www.servuseuropa-suben.at\/wp-content\/uploads\/2018\/06\/servus_europa.png","contentUrl":"https:\/\/www.servuseuropa-suben.at\/wp-content\/uploads\/2018\/06\/servus_europa.png","width":160,"height":160,"caption":"Servus Europa Suben"},"image":{"@id":"https:\/\/www.servuseuropa-suben.at\/#\/schema\/logo\/image\/"}}]}},"_links":{"self":[{"href":"https:\/\/www.servuseuropa-suben.at\/index.php?rest_route=\/wp\/v2\/pages\/808"}],"collection":[{"href":"https:\/\/www.servuseuropa-suben.at\/index.php?rest_route=\/wp\/v2\/pages"}],"about":[{"href":"https:\/\/www.servuseuropa-suben.at\/index.php?rest_route=\/wp\/v2\/types\/page"}],"author":[{"embeddable":true,"href":"https:\/\/www.servuseuropa-suben.at\/index.php?rest_route=\/wp\/v2\/users\/6"}],"replies":[{"embeddable":true,"href":"https:\/\/www.servuseuropa-suben.at\/index.php?rest_route=%2Fwp%2Fv2%2Fcomments&post=808"}],"version-history":[{"count":18,"href":"https:\/\/www.servuseuropa-suben.at\/index.php?rest_route=\/wp\/v2\/pages\/808\/revisions"}],"predecessor-version":[{"id":2690,"href":"https:\/\/www.servuseuropa-suben.at\/index.php?rest_route=\/wp\/v2\/pages\/808\/revisions\/2690"}],"up":[{"embeddable":true,"href":"https:\/\/www.servuseuropa-suben.at\/index.php?rest_route=\/wp\/v2\/pages\/575"}],"wp:attachment":[{"href":"https:\/\/www.servuseuropa-suben.at\/index.php?rest_route=%2Fwp%2Fv2%2Fmedia&parent=808"}],"wp:term":[{"taxonomy":"language","embeddable":true,"href":"https:\/\/www.servuseuropa-suben.at\/index.php?rest_route=%2Fwp%2Fv2%2Flanguage&post=808"}],"curies":[{"name":"wp","href":"https:\/\/api.w.org\/{rel}","templated":true}]}}