{"id":818,"date":"2014-07-11T13:17:25","date_gmt":"2014-07-11T11:17:25","guid":{"rendered":"http:\/\/d17955.ispservices.at\/?page_id=818"},"modified":"2021-05-26T09:48:12","modified_gmt":"2021-05-26T07:48:12","slug":"restaurant-2","status":"publish","type":"page","link":"https:\/\/www.servuseuropa-suben.at\/?page_id=818","title":{"rendered":"Restaurant"},"content":{"rendered":"<h3><strong>RESTAURANT<\/strong><\/h3>\n<p><strong>Unser Selbstbedienungsrestaurant ist f\u00fcr Sie 24h ge\u00f6ffnet. <\/strong><br \/>Warme Speisen werden bis 22.00 serviert, danach stehen Ihnen kalte Snacks zur Verf\u00fcgung.<\/p>\n<p>\u00a0<\/p>\n<h3><strong>FR\u00dcHST\u00dcCK<\/strong><\/h3>\n<p>Beginnen Sie den Tag mit unserem <strong>k\u00f6stlichen Fr\u00fchst\u00fccksbuffet,<\/strong> das keine W\u00fcnsche offen l\u00e4sst!<\/p>\n<p>Eine <strong>Variation an Fr\u00fchst\u00fccksangeboten,<\/strong> frischen Eierspeisen, duftenden Kaffeespezialit\u00e4ten, ofenfrischem Brot &amp; Geb\u00e4ck, frischen Fr\u00fcchten, Joghurts und noch vieles mehr erwarten Sie.<br \/>Die frischen Spezialit\u00e4ten genie\u00dfen Sie t\u00e4glich von 7:00 bis 10:30 Uhr in unserem \u00e0 la carte Restaurant.<\/p>\n<p><strong>Fr\u00fchst\u00fcckspreis f\u00fcr Hotelg\u00e4ste\u2028: <\/strong>1 Person: \u20ac 9,90<\/p>\n\n\n<figure class=\"wp-block-gallery columns-2 is-cropped wp-block-gallery-1 is-layout-flex wp-block-gallery-is-layout-flex\"><ul class=\"blocks-gallery-grid\"><li class=\"blocks-gallery-item\"><figure><img loading=\"lazy\" decoding=\"async\" width=\"1536\" height=\"1024\" src=\"https:\/\/www.servuseuropa-suben.at\/wp-content\/uploads\/2021\/05\/IMG_6175-1_s-1536x1024.jpg\" alt=\"\" data-id=\"2597\" data-full-url=\"https:\/\/www.servuseuropa-suben.at\/wp-content\/uploads\/2021\/05\/IMG_6175-1_s.jpg\" data-link=\"https:\/\/www.servuseuropa-suben.at\/de\/restaurant-2\/img_6175-1_s\/\" class=\"wp-image-2597\" srcset=\"https:\/\/www.servuseuropa-suben.at\/wp-content\/uploads\/2021\/05\/IMG_6175-1_s-1536x1024.jpg 1536w, https:\/\/www.servuseuropa-suben.at\/wp-content\/uploads\/2021\/05\/IMG_6175-1_s-300x200.jpg 300w, https:\/\/www.servuseuropa-suben.at\/wp-content\/uploads\/2021\/05\/IMG_6175-1_s-150x100.jpg 150w, https:\/\/www.servuseuropa-suben.at\/wp-content\/uploads\/2021\/05\/IMG_6175-1_s-768x512.jpg 768w, https:\/\/www.servuseuropa-suben.at\/wp-content\/uploads\/2021\/05\/IMG_6175-1_s-600x400.jpg 600w, https:\/\/www.servuseuropa-suben.at\/wp-content\/uploads\/2021\/05\/IMG_6175-1_s-1320x880.jpg 1320w, https:\/\/www.servuseuropa-suben.at\/wp-content\/uploads\/2021\/05\/IMG_6175-1_s.jpg 1600w\" sizes=\"(max-width: 1536px) 100vw, 1536px\" \/><\/figure><\/li><li class=\"blocks-gallery-item\"><figure><img loading=\"lazy\" decoding=\"async\" width=\"1536\" height=\"1024\" src=\"https:\/\/www.servuseuropa-suben.at\/wp-content\/uploads\/2021\/05\/IMG_6185-1_s-1536x1024.jpg\" alt=\"\" data-id=\"2598\" data-full-url=\"https:\/\/www.servuseuropa-suben.at\/wp-content\/uploads\/2021\/05\/IMG_6185-1_s.jpg\" data-link=\"https:\/\/www.servuseuropa-suben.at\/de\/restaurant-2\/img_6185-1_s\/\" class=\"wp-image-2598\" srcset=\"https:\/\/www.servuseuropa-suben.at\/wp-content\/uploads\/2021\/05\/IMG_6185-1_s-1536x1024.jpg 1536w, https:\/\/www.servuseuropa-suben.at\/wp-content\/uploads\/2021\/05\/IMG_6185-1_s-300x200.jpg 300w, https:\/\/www.servuseuropa-suben.at\/wp-content\/uploads\/2021\/05\/IMG_6185-1_s-150x100.jpg 150w, https:\/\/www.servuseuropa-suben.at\/wp-content\/uploads\/2021\/05\/IMG_6185-1_s-768x512.jpg 768w, https:\/\/www.servuseuropa-suben.at\/wp-content\/uploads\/2021\/05\/IMG_6185-1_s-600x400.jpg 600w, https:\/\/www.servuseuropa-suben.at\/wp-content\/uploads\/2021\/05\/IMG_6185-1_s-1320x880.jpg 1320w, https:\/\/www.servuseuropa-suben.at\/wp-content\/uploads\/2021\/05\/IMG_6185-1_s.jpg 1600w\" sizes=\"(max-width: 1536px) 100vw, 1536px\" \/><\/figure><\/li><li class=\"blocks-gallery-item\"><figure><img loading=\"lazy\" decoding=\"async\" width=\"1536\" height=\"1024\" src=\"https:\/\/www.servuseuropa-suben.at\/wp-content\/uploads\/2021\/05\/IMG_6226-1_s-1536x1024.jpg\" alt=\"\" data-id=\"2600\" data-full-url=\"https:\/\/www.servuseuropa-suben.at\/wp-content\/uploads\/2021\/05\/IMG_6226-1_s.jpg\" data-link=\"https:\/\/www.servuseuropa-suben.at\/de\/restaurant-2\/img_6226-1_s\/\" class=\"wp-image-2600\" srcset=\"https:\/\/www.servuseuropa-suben.at\/wp-content\/uploads\/2021\/05\/IMG_6226-1_s-1536x1024.jpg 1536w, https:\/\/www.servuseuropa-suben.at\/wp-content\/uploads\/2021\/05\/IMG_6226-1_s-300x200.jpg 300w, https:\/\/www.servuseuropa-suben.at\/wp-content\/uploads\/2021\/05\/IMG_6226-1_s-150x100.jpg 150w, https:\/\/www.servuseuropa-suben.at\/wp-content\/uploads\/2021\/05\/IMG_6226-1_s-768x512.jpg 768w, https:\/\/www.servuseuropa-suben.at\/wp-content\/uploads\/2021\/05\/IMG_6226-1_s-600x400.jpg 600w, https:\/\/www.servuseuropa-suben.at\/wp-content\/uploads\/2021\/05\/IMG_6226-1_s-1320x880.jpg 1320w, https:\/\/www.servuseuropa-suben.at\/wp-content\/uploads\/2021\/05\/IMG_6226-1_s.jpg 1600w\" sizes=\"(max-width: 1536px) 100vw, 1536px\" \/><\/figure><\/li><\/ul><\/figure>\n","protected":false},"excerpt":{"rendered":"<p>RESTAURANT Unser Selbstbedienungsrestaurant ist f\u00fcr Sie 24h ge\u00f6ffnet. Warme Speisen werden bis 22.00 serviert, danach stehen Ihnen kalte Snacks zur Verf\u00fcgung. \u00a0 FR\u00dcHST\u00dcCK Beginnen Sie den Tag mit unserem k\u00f6stlichen Fr\u00fchst\u00fccksbuffet, das keine W\u00fcnsche offen l\u00e4sst! Eine Variation an Fr\u00fchst\u00fccksangeboten, frischen Eierspeisen, duftenden Kaffeespezialit\u00e4ten, ofenfrischem Brot &amp; Geb\u00e4ck, frischen Fr\u00fcchten, Joghurts und noch vieles mehr [&hellip;]<\/p>\n","protected":false},"author":6,"featured_media":0,"parent":0,"menu_order":2,"comment_status":"closed","ping_status":"closed","template":"","meta":{"ocean_post_layout":"full-width","ocean_both_sidebars_style":"","ocean_both_sidebars_content_width":0,"ocean_both_sidebars_sidebars_width":0,"ocean_sidebar":"0","ocean_second_sidebar":"0","ocean_disable_margins":"enable","ocean_add_body_class":"","ocean_shortcode_before_top_bar":"","ocean_shortcode_after_top_bar":"","ocean_shortcode_before_header":"","ocean_shortcode_after_header":"","ocean_has_shortcode":"","ocean_shortcode_after_title":"","ocean_shortcode_before_footer_widgets":"","ocean_shortcode_after_footer_widgets":"","ocean_shortcode_before_footer_bottom":"","ocean_shortcode_after_footer_bottom":"","ocean_display_top_bar":"default","ocean_display_header":"default","ocean_header_style":"","ocean_center_header_left_menu":"0","ocean_custom_header_template":"0","ocean_custom_logo":0,"ocean_custom_retina_logo":0,"ocean_custom_logo_max_width":0,"ocean_custom_logo_tablet_max_width":0,"ocean_custom_logo_mobile_max_width":0,"ocean_custom_logo_max_height":0,"ocean_custom_logo_tablet_max_height":0,"ocean_custom_logo_mobile_max_height":0,"ocean_header_custom_menu":"0","ocean_menu_typo_font_family":"0","ocean_menu_typo_font_subset":"","ocean_menu_typo_font_size":0,"ocean_menu_typo_font_size_tablet":0,"ocean_menu_typo_font_size_mobile":0,"ocean_menu_typo_font_size_unit":"px","ocean_menu_typo_font_weight":"","ocean_menu_typo_font_weight_tablet":"","ocean_menu_typo_font_weight_mobile":"","ocean_menu_typo_transform":"","ocean_menu_typo_transform_tablet":"","ocean_menu_typo_transform_mobile":"","ocean_menu_typo_line_height":0,"ocean_menu_typo_line_height_tablet":0,"ocean_menu_typo_line_height_mobile":0,"ocean_menu_typo_line_height_unit":"","ocean_menu_typo_spacing":0,"ocean_menu_typo_spacing_tablet":0,"ocean_menu_typo_spacing_mobile":0,"ocean_menu_typo_spacing_unit":"","ocean_menu_link_color":"","ocean_menu_link_color_hover":"","ocean_menu_link_color_active":"","ocean_menu_link_background":"","ocean_menu_link_hover_background":"","ocean_menu_link_active_background":"","ocean_menu_social_links_bg":"","ocean_menu_social_hover_links_bg":"","ocean_menu_social_links_color":"","ocean_menu_social_hover_links_color":"","ocean_disable_title":"default","ocean_disable_heading":"on","ocean_post_title":"","ocean_post_subheading":"","ocean_post_title_style":"background-image","ocean_post_title_background_color":"","ocean_post_title_background":1878,"ocean_post_title_bg_image_position":"","ocean_post_title_bg_image_attachment":"","ocean_post_title_bg_image_repeat":"","ocean_post_title_bg_image_size":"","ocean_post_title_height":0,"ocean_post_title_bg_overlay":0.5,"ocean_post_title_bg_overlay_color":"","ocean_disable_breadcrumbs":"default","ocean_breadcrumbs_color":"","ocean_breadcrumbs_separator_color":"","ocean_breadcrumbs_links_color":"","ocean_breadcrumbs_links_hover_color":"","ocean_display_footer_widgets":"default","ocean_display_footer_bottom":"default","ocean_custom_footer_template":"0","footnotes":""},"language":[26],"class_list":["post-818","page","type-page","status-publish","hentry","language-de_de","entry"],"yoast_head":"<!-- This site is optimized with the Yoast SEO plugin v23.5 - https:\/\/yoast.com\/wordpress\/plugins\/seo\/ -->\n<title>Restaurant - Servus Europa Suben<\/title>\n<meta name=\"robots\" content=\"index, follow, max-snippet:-1, max-image-preview:large, max-video-preview:-1\" \/>\n<link rel=\"canonical\" href=\"https:\/\/www.servuseuropa-suben.at\/?page_id=818\" \/>\n<meta property=\"og:locale\" content=\"de_DE\" \/>\n<meta property=\"og:type\" content=\"article\" \/>\n<meta property=\"og:title\" content=\"Restaurant - Servus Europa Suben\" \/>\n<meta property=\"og:description\" content=\"RESTAURANT Unser Selbstbedienungsrestaurant ist f\u00fcr Sie 24h ge\u00f6ffnet. Warme Speisen werden bis 22.00 serviert, danach stehen Ihnen kalte Snacks zur Verf\u00fcgung. \u00a0 FR\u00dcHST\u00dcCK Beginnen Sie den Tag mit unserem k\u00f6stlichen Fr\u00fchst\u00fccksbuffet, das keine W\u00fcnsche offen l\u00e4sst! Eine Variation an Fr\u00fchst\u00fccksangeboten, frischen Eierspeisen, duftenden Kaffeespezialit\u00e4ten, ofenfrischem Brot &amp; Geb\u00e4ck, frischen Fr\u00fcchten, Joghurts und noch vieles mehr [&hellip;]\" \/>\n<meta property=\"og:url\" content=\"https:\/\/www.servuseuropa-suben.at\/?page_id=818\" \/>\n<meta property=\"og:site_name\" content=\"Servus Europa Suben\" \/>\n<meta property=\"article:modified_time\" content=\"2021-05-26T07:48:12+00:00\" \/>\n<meta property=\"og:image\" content=\"https:\/\/www.servuseuropa-suben.at\/wp-content\/uploads\/2021\/05\/IMG_6175-1_s-1536x1024.jpg\" \/>\n<meta name=\"twitter:card\" content=\"summary_large_image\" \/>\n<meta name=\"twitter:label1\" content=\"Gesch\u00e4tzte Lesezeit\" \/>\n\t<meta name=\"twitter:data1\" content=\"1\u00a0Minute\" \/>\n<script type=\"application\/ld+json\" class=\"yoast-schema-graph\">{\"@context\":\"https:\/\/schema.org\",\"@graph\":[{\"@type\":\"WebPage\",\"@id\":\"https:\/\/www.servuseuropa-suben.at\/?page_id=818\",\"url\":\"https:\/\/www.servuseuropa-suben.at\/?page_id=818\",\"name\":\"Restaurant - Servus Europa Suben\",\"isPartOf\":{\"@id\":\"https:\/\/www.servuseuropa-suben.at\/#website\"},\"primaryImageOfPage\":{\"@id\":\"https:\/\/www.servuseuropa-suben.at\/?page_id=818#primaryimage\"},\"image\":{\"@id\":\"https:\/\/www.servuseuropa-suben.at\/?page_id=818#primaryimage\"},\"thumbnailUrl\":\"https:\/\/www.servuseuropa-suben.at\/wp-content\/uploads\/2021\/05\/IMG_6175-1_s-1536x1024.jpg\",\"datePublished\":\"2014-07-11T11:17:25+00:00\",\"dateModified\":\"2021-05-26T07:48:12+00:00\",\"breadcrumb\":{\"@id\":\"https:\/\/www.servuseuropa-suben.at\/?page_id=818#breadcrumb\"},\"inLanguage\":\"de\",\"potentialAction\":[{\"@type\":\"ReadAction\",\"target\":[\"https:\/\/www.servuseuropa-suben.at\/?page_id=818\"]}]},{\"@type\":\"ImageObject\",\"inLanguage\":\"de\",\"@id\":\"https:\/\/www.servuseuropa-suben.at\/?page_id=818#primaryimage\",\"url\":\"https:\/\/www.servuseuropa-suben.at\/wp-content\/uploads\/2021\/05\/IMG_6175-1_s.jpg\",\"contentUrl\":\"https:\/\/www.servuseuropa-suben.at\/wp-content\/uploads\/2021\/05\/IMG_6175-1_s.jpg\",\"width\":1600,\"height\":1067},{\"@type\":\"BreadcrumbList\",\"@id\":\"https:\/\/www.servuseuropa-suben.at\/?page_id=818#breadcrumb\",\"itemListElement\":[{\"@type\":\"ListItem\",\"position\":1,\"name\":\"Startseite\",\"item\":\"https:\/\/www.servuseuropa-suben.at\/\"},{\"@type\":\"ListItem\",\"position\":2,\"name\":\"Restaurant\"}]},{\"@type\":\"WebSite\",\"@id\":\"https:\/\/www.servuseuropa-suben.at\/#website\",\"url\":\"https:\/\/www.servuseuropa-suben.at\/\",\"name\":\"Servus Europa Suben\",\"description\":\"Grenzenlos rasten \u2026\",\"publisher\":{\"@id\":\"https:\/\/www.servuseuropa-suben.at\/#organization\"},\"potentialAction\":[{\"@type\":\"SearchAction\",\"target\":{\"@type\":\"EntryPoint\",\"urlTemplate\":\"https:\/\/www.servuseuropa-suben.at\/?s={search_term_string}\"},\"query-input\":{\"@type\":\"PropertyValueSpecification\",\"valueRequired\":true,\"valueName\":\"search_term_string\"}}],\"inLanguage\":\"de\"},{\"@type\":\"Organization\",\"@id\":\"https:\/\/www.servuseuropa-suben.at\/#organization\",\"name\":\"Servus Europa Suben\",\"url\":\"https:\/\/www.servuseuropa-suben.at\/\",\"logo\":{\"@type\":\"ImageObject\",\"inLanguage\":\"de\",\"@id\":\"https:\/\/www.servuseuropa-suben.at\/#\/schema\/logo\/image\/\",\"url\":\"https:\/\/www.servuseuropa-suben.at\/wp-content\/uploads\/2018\/06\/servus_europa.png\",\"contentUrl\":\"https:\/\/www.servuseuropa-suben.at\/wp-content\/uploads\/2018\/06\/servus_europa.png\",\"width\":160,\"height\":160,\"caption\":\"Servus Europa Suben\"},\"image\":{\"@id\":\"https:\/\/www.servuseuropa-suben.at\/#\/schema\/logo\/image\/\"}}]}<\/script>\n<!-- \/ Yoast SEO plugin. -->","yoast_head_json":{"title":"Restaurant - Servus Europa Suben","robots":{"index":"index","follow":"follow","max-snippet":"max-snippet:-1","max-image-preview":"max-image-preview:large","max-video-preview":"max-video-preview:-1"},"canonical":"https:\/\/www.servuseuropa-suben.at\/?page_id=818","og_locale":"de_DE","og_type":"article","og_title":"Restaurant - Servus Europa Suben","og_description":"RESTAURANT Unser Selbstbedienungsrestaurant ist f\u00fcr Sie 24h ge\u00f6ffnet. Warme Speisen werden bis 22.00 serviert, danach stehen Ihnen kalte Snacks zur Verf\u00fcgung. \u00a0 FR\u00dcHST\u00dcCK Beginnen Sie den Tag mit unserem k\u00f6stlichen Fr\u00fchst\u00fccksbuffet, das keine W\u00fcnsche offen l\u00e4sst! Eine Variation an Fr\u00fchst\u00fccksangeboten, frischen Eierspeisen, duftenden Kaffeespezialit\u00e4ten, ofenfrischem Brot &amp; Geb\u00e4ck, frischen Fr\u00fcchten, Joghurts und noch vieles mehr [&hellip;]","og_url":"https:\/\/www.servuseuropa-suben.at\/?page_id=818","og_site_name":"Servus Europa Suben","article_modified_time":"2021-05-26T07:48:12+00:00","og_image":[{"url":"https:\/\/www.servuseuropa-suben.at\/wp-content\/uploads\/2021\/05\/IMG_6175-1_s-1536x1024.jpg"}],"twitter_card":"summary_large_image","twitter_misc":{"Gesch\u00e4tzte Lesezeit":"1\u00a0Minute"},"schema":{"@context":"https:\/\/schema.org","@graph":[{"@type":"WebPage","@id":"https:\/\/www.servuseuropa-suben.at\/?page_id=818","url":"https:\/\/www.servuseuropa-suben.at\/?page_id=818","name":"Restaurant - Servus Europa Suben","isPartOf":{"@id":"https:\/\/www.servuseuropa-suben.at\/#website"},"primaryImageOfPage":{"@id":"https:\/\/www.servuseuropa-suben.at\/?page_id=818#primaryimage"},"image":{"@id":"https:\/\/www.servuseuropa-suben.at\/?page_id=818#primaryimage"},"thumbnailUrl":"https:\/\/www.servuseuropa-suben.at\/wp-content\/uploads\/2021\/05\/IMG_6175-1_s-1536x1024.jpg","datePublished":"2014-07-11T11:17:25+00:00","dateModified":"2021-05-26T07:48:12+00:00","breadcrumb":{"@id":"https:\/\/www.servuseuropa-suben.at\/?page_id=818#breadcrumb"},"inLanguage":"de","potentialAction":[{"@type":"ReadAction","target":["https:\/\/www.servuseuropa-suben.at\/?page_id=818"]}]},{"@type":"ImageObject","inLanguage":"de","@id":"https:\/\/www.servuseuropa-suben.at\/?page_id=818#primaryimage","url":"https:\/\/www.servuseuropa-suben.at\/wp-content\/uploads\/2021\/05\/IMG_6175-1_s.jpg","contentUrl":"https:\/\/www.servuseuropa-suben.at\/wp-content\/uploads\/2021\/05\/IMG_6175-1_s.jpg","width":1600,"height":1067},{"@type":"BreadcrumbList","@id":"https:\/\/www.servuseuropa-suben.at\/?page_id=818#breadcrumb","itemListElement":[{"@type":"ListItem","position":1,"name":"Startseite","item":"https:\/\/www.servuseuropa-suben.at\/"},{"@type":"ListItem","position":2,"name":"Restaurant"}]},{"@type":"WebSite","@id":"https:\/\/www.servuseuropa-suben.at\/#website","url":"https:\/\/www.servuseuropa-suben.at\/","name":"Servus Europa Suben","description":"Grenzenlos rasten \u2026","publisher":{"@id":"https:\/\/www.servuseuropa-suben.at\/#organization"},"potentialAction":[{"@type":"SearchAction","target":{"@type":"EntryPoint","urlTemplate":"https:\/\/www.servuseuropa-suben.at\/?s={search_term_string}"},"query-input":{"@type":"PropertyValueSpecification","valueRequired":true,"valueName":"search_term_string"}}],"inLanguage":"de"},{"@type":"Organization","@id":"https:\/\/www.servuseuropa-suben.at\/#organization","name":"Servus Europa Suben","url":"https:\/\/www.servuseuropa-suben.at\/","logo":{"@type":"ImageObject","inLanguage":"de","@id":"https:\/\/www.servuseuropa-suben.at\/#\/schema\/logo\/image\/","url":"https:\/\/www.servuseuropa-suben.at\/wp-content\/uploads\/2018\/06\/servus_europa.png","contentUrl":"https:\/\/www.servuseuropa-suben.at\/wp-content\/uploads\/2018\/06\/servus_europa.png","width":160,"height":160,"caption":"Servus Europa Suben"},"image":{"@id":"https:\/\/www.servuseuropa-suben.at\/#\/schema\/logo\/image\/"}}]}},"_links":{"self":[{"href":"https:\/\/www.servuseuropa-suben.at\/index.php?rest_route=\/wp\/v2\/pages\/818"}],"collection":[{"href":"https:\/\/www.servuseuropa-suben.at\/index.php?rest_route=\/wp\/v2\/pages"}],"about":[{"href":"https:\/\/www.servuseuropa-suben.at\/index.php?rest_route=\/wp\/v2\/types\/page"}],"author":[{"embeddable":true,"href":"https:\/\/www.servuseuropa-suben.at\/index.php?rest_route=\/wp\/v2\/users\/6"}],"replies":[{"embeddable":true,"href":"https:\/\/www.servuseuropa-suben.at\/index.php?rest_route=%2Fwp%2Fv2%2Fcomments&post=818"}],"version-history":[{"count":21,"href":"https:\/\/www.servuseuropa-suben.at\/index.php?rest_route=\/wp\/v2\/pages\/818\/revisions"}],"predecessor-version":[{"id":2644,"href":"https:\/\/www.servuseuropa-suben.at\/index.php?rest_route=\/wp\/v2\/pages\/818\/revisions\/2644"}],"wp:attachment":[{"href":"https:\/\/www.servuseuropa-suben.at\/index.php?rest_route=%2Fwp%2Fv2%2Fmedia&parent=818"}],"wp:term":[{"taxonomy":"language","embeddable":true,"href":"https:\/\/www.servuseuropa-suben.at\/index.php?rest_route=%2Fwp%2Fv2%2Flanguage&post=818"}],"curies":[{"name":"wp","href":"https:\/\/api.w.org\/{rel}","templated":true}]}}