{"id":821,"date":"2014-07-11T13:18:11","date_gmt":"2014-07-11T11:18:11","guid":{"rendered":"http:\/\/d17955.ispservices.at\/?page_id=821"},"modified":"2021-05-22T22:13:23","modified_gmt":"2021-05-22T20:13:23","slug":"seminare","status":"publish","type":"page","link":"https:\/\/www.servuseuropa-suben.at\/?page_id=821","title":{"rendered":"Seminare"},"content":{"rendered":"<p><strong>Unsere Tagungsr\u00e4ume<\/strong> bieten Raum f\u00fcr Kleingruppen mit 15 Personen und Konferenzen mit bis zu 120 Teilnehmern.<\/p>\n<p>Der Pausenservice wird vom K\u00fcchenchef exklusiv f\u00fcr Sie kreiert.<\/p>\n<p>&nbsp;<\/p>\n<div class=\"issuuembed\" style=\"width: 525px; height: 371px;\" data-configid=\"12372333\/8581246\"><\/div>\n<p><script src=\"\/\/e.issuu.com\/embed.js\" async=\"true\" type=\"text\/javascript\"><\/script><br \/>\n(zum vergr\u00f6\u00dfern bitte anklicken)<\/p>\n","protected":false},"excerpt":{"rendered":"<p>Unsere Tagungsr\u00e4ume bieten Raum f\u00fcr Kleingruppen mit 15 Personen und Konferenzen mit bis zu 120 Teilnehmern. Der Pausenservice wird vom K\u00fcchenchef exklusiv f\u00fcr Sie kreiert. &nbsp; (zum vergr\u00f6\u00dfern bitte anklicken)<\/p>\n","protected":false},"author":6,"featured_media":0,"parent":0,"menu_order":3,"comment_status":"closed","ping_status":"closed","template":"","meta":{"ocean_post_layout":"full-width","ocean_both_sidebars_style":"","ocean_both_sidebars_content_width":0,"ocean_both_sidebars_sidebars_width":0,"ocean_sidebar":"0","ocean_second_sidebar":"0","ocean_disable_margins":"enable","ocean_add_body_class":"","ocean_shortcode_before_top_bar":"","ocean_shortcode_after_top_bar":"","ocean_shortcode_before_header":"","ocean_shortcode_after_header":"","ocean_has_shortcode":"","ocean_shortcode_after_title":"","ocean_shortcode_before_footer_widgets":"","ocean_shortcode_after_footer_widgets":"","ocean_shortcode_before_footer_bottom":"","ocean_shortcode_after_footer_bottom":"","ocean_display_top_bar":"default","ocean_display_header":"default","ocean_header_style":"","ocean_center_header_left_menu":"0","ocean_custom_header_template":"0","ocean_custom_logo":0,"ocean_custom_retina_logo":0,"ocean_custom_logo_max_width":0,"ocean_custom_logo_tablet_max_width":0,"ocean_custom_logo_mobile_max_width":0,"ocean_custom_logo_max_height":0,"ocean_custom_logo_tablet_max_height":0,"ocean_custom_logo_mobile_max_height":0,"ocean_header_custom_menu":"0","ocean_menu_typo_font_family":"0","ocean_menu_typo_font_subset":"","ocean_menu_typo_font_size":0,"ocean_menu_typo_font_size_tablet":0,"ocean_menu_typo_font_size_mobile":0,"ocean_menu_typo_font_size_unit":"px","ocean_menu_typo_font_weight":"","ocean_menu_typo_font_weight_tablet":"","ocean_menu_typo_font_weight_mobile":"","ocean_menu_typo_transform":"","ocean_menu_typo_transform_tablet":"","ocean_menu_typo_transform_mobile":"","ocean_menu_typo_line_height":0,"ocean_menu_typo_line_height_tablet":0,"ocean_menu_typo_line_height_mobile":0,"ocean_menu_typo_line_height_unit":"","ocean_menu_typo_spacing":0,"ocean_menu_typo_spacing_tablet":0,"ocean_menu_typo_spacing_mobile":0,"ocean_menu_typo_spacing_unit":"","ocean_menu_link_color":"","ocean_menu_link_color_hover":"","ocean_menu_link_color_active":"","ocean_menu_link_background":"","ocean_menu_link_hover_background":"","ocean_menu_link_active_background":"","ocean_menu_social_links_bg":"","ocean_menu_social_hover_links_bg":"","ocean_menu_social_links_color":"","ocean_menu_social_hover_links_color":"","ocean_disable_title":"default","ocean_disable_heading":"on","ocean_post_title":"","ocean_post_subheading":"","ocean_post_title_style":"background-image","ocean_post_title_background_color":"","ocean_post_title_background":1877,"ocean_post_title_bg_image_position":"","ocean_post_title_bg_image_attachment":"","ocean_post_title_bg_image_repeat":"","ocean_post_title_bg_image_size":"","ocean_post_title_height":0,"ocean_post_title_bg_overlay":0.5,"ocean_post_title_bg_overlay_color":"","ocean_disable_breadcrumbs":"default","ocean_breadcrumbs_color":"","ocean_breadcrumbs_separator_color":"","ocean_breadcrumbs_links_color":"","ocean_breadcrumbs_links_hover_color":"","ocean_display_footer_widgets":"default","ocean_display_footer_bottom":"default","ocean_custom_footer_template":"0","footnotes":""},"language":[],"class_list":["post-821","page","type-page","status-publish","hentry","entry"],"yoast_head":"<!-- This site is optimized with the Yoast SEO plugin v23.5 - https:\/\/yoast.com\/wordpress\/plugins\/seo\/ -->\n<title>Seminare - Servus Europa Suben<\/title>\n<meta name=\"robots\" content=\"index, follow, max-snippet:-1, max-image-preview:large, max-video-preview:-1\" \/>\n<link rel=\"canonical\" href=\"https:\/\/www.servuseuropa-suben.at\/?page_id=821\" \/>\n<meta property=\"og:locale\" content=\"de_DE\" \/>\n<meta property=\"og:type\" content=\"article\" \/>\n<meta property=\"og:title\" content=\"Seminare - Servus Europa Suben\" \/>\n<meta property=\"og:description\" content=\"Unsere Tagungsr\u00e4ume bieten Raum f\u00fcr Kleingruppen mit 15 Personen und Konferenzen mit bis zu 120 Teilnehmern. Der Pausenservice wird vom K\u00fcchenchef exklusiv f\u00fcr Sie kreiert. &nbsp; (zum vergr\u00f6\u00dfern bitte anklicken)\" \/>\n<meta property=\"og:url\" content=\"https:\/\/www.servuseuropa-suben.at\/?page_id=821\" \/>\n<meta property=\"og:site_name\" content=\"Servus Europa Suben\" \/>\n<meta property=\"article:modified_time\" content=\"2021-05-22T20:13:23+00:00\" \/>\n<meta name=\"twitter:card\" content=\"summary_large_image\" \/>\n<meta name=\"twitter:label1\" content=\"Gesch\u00e4tzte Lesezeit\" \/>\n\t<meta name=\"twitter:data1\" content=\"1\u00a0Minute\" \/>\n<script type=\"application\/ld+json\" class=\"yoast-schema-graph\">{\"@context\":\"https:\/\/schema.org\",\"@graph\":[{\"@type\":\"WebPage\",\"@id\":\"https:\/\/www.servuseuropa-suben.at\/?page_id=821\",\"url\":\"https:\/\/www.servuseuropa-suben.at\/?page_id=821\",\"name\":\"Seminare - Servus Europa Suben\",\"isPartOf\":{\"@id\":\"https:\/\/www.servuseuropa-suben.at\/#website\"},\"datePublished\":\"2014-07-11T11:18:11+00:00\",\"dateModified\":\"2021-05-22T20:13:23+00:00\",\"breadcrumb\":{\"@id\":\"https:\/\/www.servuseuropa-suben.at\/?page_id=821#breadcrumb\"},\"inLanguage\":\"de\",\"potentialAction\":[{\"@type\":\"ReadAction\",\"target\":[\"https:\/\/www.servuseuropa-suben.at\/?page_id=821\"]}]},{\"@type\":\"BreadcrumbList\",\"@id\":\"https:\/\/www.servuseuropa-suben.at\/?page_id=821#breadcrumb\",\"itemListElement\":[{\"@type\":\"ListItem\",\"position\":1,\"name\":\"Startseite\",\"item\":\"https:\/\/www.servuseuropa-suben.at\/\"},{\"@type\":\"ListItem\",\"position\":2,\"name\":\"Seminare\"}]},{\"@type\":\"WebSite\",\"@id\":\"https:\/\/www.servuseuropa-suben.at\/#website\",\"url\":\"https:\/\/www.servuseuropa-suben.at\/\",\"name\":\"Servus Europa Suben\",\"description\":\"Grenzenlos rasten \u2026\",\"publisher\":{\"@id\":\"https:\/\/www.servuseuropa-suben.at\/#organization\"},\"potentialAction\":[{\"@type\":\"SearchAction\",\"target\":{\"@type\":\"EntryPoint\",\"urlTemplate\":\"https:\/\/www.servuseuropa-suben.at\/?s={search_term_string}\"},\"query-input\":{\"@type\":\"PropertyValueSpecification\",\"valueRequired\":true,\"valueName\":\"search_term_string\"}}],\"inLanguage\":\"de\"},{\"@type\":\"Organization\",\"@id\":\"https:\/\/www.servuseuropa-suben.at\/#organization\",\"name\":\"Servus Europa Suben\",\"url\":\"https:\/\/www.servuseuropa-suben.at\/\",\"logo\":{\"@type\":\"ImageObject\",\"inLanguage\":\"de\",\"@id\":\"https:\/\/www.servuseuropa-suben.at\/#\/schema\/logo\/image\/\",\"url\":\"https:\/\/www.servuseuropa-suben.at\/wp-content\/uploads\/2018\/06\/servus_europa.png\",\"contentUrl\":\"https:\/\/www.servuseuropa-suben.at\/wp-content\/uploads\/2018\/06\/servus_europa.png\",\"width\":160,\"height\":160,\"caption\":\"Servus Europa Suben\"},\"image\":{\"@id\":\"https:\/\/www.servuseuropa-suben.at\/#\/schema\/logo\/image\/\"}}]}<\/script>\n<!-- \/ Yoast SEO plugin. -->","yoast_head_json":{"title":"Seminare - Servus Europa Suben","robots":{"index":"index","follow":"follow","max-snippet":"max-snippet:-1","max-image-preview":"max-image-preview:large","max-video-preview":"max-video-preview:-1"},"canonical":"https:\/\/www.servuseuropa-suben.at\/?page_id=821","og_locale":"de_DE","og_type":"article","og_title":"Seminare - Servus Europa Suben","og_description":"Unsere Tagungsr\u00e4ume bieten Raum f\u00fcr Kleingruppen mit 15 Personen und Konferenzen mit bis zu 120 Teilnehmern. Der Pausenservice wird vom K\u00fcchenchef exklusiv f\u00fcr Sie kreiert. &nbsp; (zum vergr\u00f6\u00dfern bitte anklicken)","og_url":"https:\/\/www.servuseuropa-suben.at\/?page_id=821","og_site_name":"Servus Europa Suben","article_modified_time":"2021-05-22T20:13:23+00:00","twitter_card":"summary_large_image","twitter_misc":{"Gesch\u00e4tzte Lesezeit":"1\u00a0Minute"},"schema":{"@context":"https:\/\/schema.org","@graph":[{"@type":"WebPage","@id":"https:\/\/www.servuseuropa-suben.at\/?page_id=821","url":"https:\/\/www.servuseuropa-suben.at\/?page_id=821","name":"Seminare - Servus Europa Suben","isPartOf":{"@id":"https:\/\/www.servuseuropa-suben.at\/#website"},"datePublished":"2014-07-11T11:18:11+00:00","dateModified":"2021-05-22T20:13:23+00:00","breadcrumb":{"@id":"https:\/\/www.servuseuropa-suben.at\/?page_id=821#breadcrumb"},"inLanguage":"de","potentialAction":[{"@type":"ReadAction","target":["https:\/\/www.servuseuropa-suben.at\/?page_id=821"]}]},{"@type":"BreadcrumbList","@id":"https:\/\/www.servuseuropa-suben.at\/?page_id=821#breadcrumb","itemListElement":[{"@type":"ListItem","position":1,"name":"Startseite","item":"https:\/\/www.servuseuropa-suben.at\/"},{"@type":"ListItem","position":2,"name":"Seminare"}]},{"@type":"WebSite","@id":"https:\/\/www.servuseuropa-suben.at\/#website","url":"https:\/\/www.servuseuropa-suben.at\/","name":"Servus Europa Suben","description":"Grenzenlos rasten \u2026","publisher":{"@id":"https:\/\/www.servuseuropa-suben.at\/#organization"},"potentialAction":[{"@type":"SearchAction","target":{"@type":"EntryPoint","urlTemplate":"https:\/\/www.servuseuropa-suben.at\/?s={search_term_string}"},"query-input":{"@type":"PropertyValueSpecification","valueRequired":true,"valueName":"search_term_string"}}],"inLanguage":"de"},{"@type":"Organization","@id":"https:\/\/www.servuseuropa-suben.at\/#organization","name":"Servus Europa Suben","url":"https:\/\/www.servuseuropa-suben.at\/","logo":{"@type":"ImageObject","inLanguage":"de","@id":"https:\/\/www.servuseuropa-suben.at\/#\/schema\/logo\/image\/","url":"https:\/\/www.servuseuropa-suben.at\/wp-content\/uploads\/2018\/06\/servus_europa.png","contentUrl":"https:\/\/www.servuseuropa-suben.at\/wp-content\/uploads\/2018\/06\/servus_europa.png","width":160,"height":160,"caption":"Servus Europa Suben"},"image":{"@id":"https:\/\/www.servuseuropa-suben.at\/#\/schema\/logo\/image\/"}}]}},"_links":{"self":[{"href":"https:\/\/www.servuseuropa-suben.at\/index.php?rest_route=\/wp\/v2\/pages\/821"}],"collection":[{"href":"https:\/\/www.servuseuropa-suben.at\/index.php?rest_route=\/wp\/v2\/pages"}],"about":[{"href":"https:\/\/www.servuseuropa-suben.at\/index.php?rest_route=\/wp\/v2\/types\/page"}],"author":[{"embeddable":true,"href":"https:\/\/www.servuseuropa-suben.at\/index.php?rest_route=\/wp\/v2\/users\/6"}],"replies":[{"embeddable":true,"href":"https:\/\/www.servuseuropa-suben.at\/index.php?rest_route=%2Fwp%2Fv2%2Fcomments&post=821"}],"version-history":[{"count":8,"href":"https:\/\/www.servuseuropa-suben.at\/index.php?rest_route=\/wp\/v2\/pages\/821\/revisions"}],"predecessor-version":[{"id":2512,"href":"https:\/\/www.servuseuropa-suben.at\/index.php?rest_route=\/wp\/v2\/pages\/821\/revisions\/2512"}],"wp:attachment":[{"href":"https:\/\/www.servuseuropa-suben.at\/index.php?rest_route=%2Fwp%2Fv2%2Fmedia&parent=821"}],"wp:term":[{"taxonomy":"language","embeddable":true,"href":"https:\/\/www.servuseuropa-suben.at\/index.php?rest_route=%2Fwp%2Fv2%2Flanguage&post=821"}],"curies":[{"name":"wp","href":"https:\/\/api.w.org\/{rel}","templated":true}]}}